{"id":1499,"date":"2016-04-03T12:00:03","date_gmt":"2016-04-03T10:00:03","guid":{"rendered":"http:\/\/www.casinodelavallee.com\/fr\/contatti\/"},"modified":"2018-07-10T10:21:53","modified_gmt":"2018-07-10T08:21:53","slug":"contacts","status":"publish","type":"page","link":"https:\/\/www.casinodelavallee.com\/fr\/contacts\/","title":{"rendered":"Contacts"},"content":{"rendered":"[vc_row gap=\u00a0\u00bb25&Prime; css=\u00a0\u00bb.vc_custom_1462644203557{padding-top: 50px !important;padding-bottom: 50px !important;}\u00a0\u00bb][vc_column offset=\u00a0\u00bbvc_col-lg-4 vc_col-md-12&Prime;]<h3 class=\"calluna-heading calluna-heading-none text-align-center \" ><span>Casino<\/span><\/h3>[vc_tta_tour][vc_tta_section i_icon_fontawesome=\u00a0\u00bbfa fa-phone\u00a0\u00bb add_icon=\u00a0\u00bbtrue\u00a0\u00bb tab_id=\u00a0\u00bb1462874697295-3f895b4d-988f\u00a0\u00bb][vc_column_text]\n<p style=\"text-align: left;\"><strong>T\u00e9l\u00e9phone et fax:<\/strong><\/p>\n<p style=\"text-align: center;\">T\u00e9l: (+39) 0166.5221<\/p>\n<p style=\"text-align: center;\">FAX: (+39)-0166-522477<\/p>\n[\/vc_column_text][\/vc_tta_section][vc_tta_section i_icon_fontawesome=\u00a0\u00bbfa fa-envelope-o\u00a0\u00bb add_icon=\u00a0\u00bbtrue\u00a0\u00bb tab_id=\u00a0\u00bb1462874697435-bb80b44e-7a7a\u00a0\u00bb][vc_column_text]<strong>Email:<\/strong><\/p>\n<p style=\"text-align: center;\"><a href=\"mailto:ufficio.marketing@svrc.it?Subject=Richiesta%20informazioni\" target=\"_top\"><strong>ufficio.marketing@svrc.it<\/strong><\/a><\/p>\n[\/vc_column_text][\/vc_tta_section][vc_tta_section i_icon_fontawesome=\u00a0\u00bbfa fa-map-marker\u00a0\u00bb add_icon=\u00a0\u00bbtrue\u00a0\u00bb tab_id=\u00a0\u00bb1462874697154-9d1eccaf-5ae9&Prime;][vc_column_text]\n<p style=\"color: #1d1d1d; text-align: left;\"><strong>Adresse:<\/strong><\/p>\n<p style=\"color: #1d1d1d; text-align: center;\">Via Italo Mus, SNC<\/p>\n<p style=\"color: #1d1d1d; text-align: center;\">11027 Saint-Vincent<\/p>\n<p style=\"color: #1d1d1d; text-align: left;\"><strong>Coordonn\u00e9es GPS:<\/strong><\/p>\n<p style=\"color: #1d1d1d; text-align: center;\">45.752154<\/p>\n<p style=\"color: #1d1d1d; text-align: center;\">7.642143<\/p>\n[\/vc_column_text][\/vc_tta_section][\/vc_tta_tour][\/vc_column][vc_column offset=\u00a0\u00bbvc_col-lg-4 vc_col-md-12&Prime;]<h3 class=\"calluna-heading calluna-heading-none text-align-center \" ><span>Resort<\/span><\/h3>[vc_tta_tour][vc_tta_section i_icon_fontawesome=\u00a0\u00bbfa fa-phone\u00a0\u00bb add_icon=\u00a0\u00bbtrue\u00a0\u00bb tab_id=\u00a0\u00bb1462874704091-45ae06ef-e34a\u00a0\u00bb][vc_column_text]\n<p style=\"text-align: left;\"><strong>T\u00e9l\u00e9phone et fax:<\/strong><\/p>\n<p style=\"text-align: center;\">T\u00e9l: (+39) 0166.5231<\/p>\n<p style=\"text-align: center;\">FAX: (+39)-0166-523798<\/p>\n[\/vc_column_text][\/vc_tta_section][vc_tta_section i_icon_fontawesome=\u00a0\u00bbfa fa-envelope-o\u00a0\u00bb add_icon=\u00a0\u00bbtrue\u00a0\u00bb tab_id=\u00a0\u00bb1462874704244-e2304dc5-9b74&Prime;][vc_column_text]<strong>Email:<\/strong><\/p>\n<p style=\"text-align: center;\">R\u00e9ception:<\/p>\n<p style=\"text-align: center;\"><a href=\"mailto:reception.billia@svrc.it?Subject=Richiesta%20informazioni\" target=\"_top\"><strong>reception.billia@svrc.it<\/strong><\/a><\/p>\n<p style=\"text-align: center;\">Bureau commercial:<\/p>\n<p style=\"text-align: center;\"><a href=\"mailto:sales.billia@svrc.it?Subject=Richiesta%20informazioni\" target=\"_top\"><strong>sales.billia@svrc.it<\/strong><\/a><\/p>\n[\/vc_column_text][\/vc_tta_section][vc_tta_section i_icon_fontawesome=\u00a0\u00bbfa fa-map-marker\u00a0\u00bb add_icon=\u00a0\u00bbtrue\u00a0\u00bb tab_id=\u00a0\u00bb1462874703945-7d5653d0-9699&Prime;][vc_column_text]\n<p style=\"color: #1d1d1d; text-align: left;\"><strong>Adresse:<\/strong><\/p>\n<p style=\"color: #1d1d1d; text-align: center;\">Viale Piemonte, 72<\/p>\n<p style=\"color: #1d1d1d; text-align: center;\">11027 Saint-Vincent<\/p>\n<p style=\"color: #1d1d1d;\"><strong>Coordonn\u00e9es GPS:<\/strong><\/p>\n<p style=\"color: #1d1d1d; text-align: center;\">45.752129<\/p>\n<p style=\"color: #1d1d1d; text-align: center;\">7.640702<\/p>\n[\/vc_column_text][\/vc_tta_section][\/vc_tta_tour][\/vc_column][vc_column offset=\u00a0\u00bbvc_col-lg-4 vc_col-md-12&Prime;]<h3 class=\"calluna-heading calluna-heading-none text-align-center \" ><span>Congr\u00e8s<\/span><\/h3>[vc_tta_tour][vc_tta_section i_icon_fontawesome=\u00a0\u00bbfa fa-phone\u00a0\u00bb add_icon=\u00a0\u00bbtrue\u00a0\u00bb tab_id=\u00a0\u00bb1462874285418-38e0594d-5917&Prime;][vc_column_text]\n<p style=\"text-align: left;\"><strong>T\u00e9l\u00e9phone et fax:<\/strong><\/p>\n<p style=\"text-align: center;\">T\u00e9l: (+39) 0166.5231<\/p>\n<p style=\"text-align: center;\">FAX: (+39)-0166-523798<\/p>\n[\/vc_column_text][\/vc_tta_section][vc_tta_section i_icon_fontawesome=\u00a0\u00bbfa fa-envelope-o\u00a0\u00bb add_icon=\u00a0\u00bbtrue\u00a0\u00bb tab_id=\u00a0\u00bb1462874451490-6060e875-3456&Prime;][vc_column_text]<strong>Email:<\/strong><\/p>\n<p style=\"text-align: center;\"><a href=\"mailto:congress.billia@svrc.it?Subject=Richiesta%20informazioni\" target=\"_top\"><strong>congress.billia@svrc.it<\/strong><\/a><\/p>\n[\/vc_column_text][\/vc_tta_section][vc_tta_section i_icon_fontawesome=\u00a0\u00bbfa fa-map-marker\u00a0\u00bb add_icon=\u00a0\u00bbtrue\u00a0\u00bb tab_id=\u00a0\u00bb1462874285331-b1045395-e1dc\u00a0\u00bb][vc_column_text]\n<p style=\"color: #1d1d1d; text-align: left;\"><strong>Adresse:<\/strong><\/p>\n<p style=\"color: #1d1d1d; text-align: center;\">Viale Piemonte, 72<\/p>\n<p style=\"color: #1d1d1d; text-align: center;\">11027 Saint-Vincent<\/p>\n<p style=\"color: #1d1d1d;\"><strong>Coordonn\u00e9es GPS:<\/strong><\/p>\n<p style=\"color: #1d1d1d; text-align: center;\">45.752129<\/p>\n<p style=\"color: #1d1d1d; text-align: center;\">7.640702<\/p>\n[\/vc_column_text][\/vc_tta_section][\/vc_tta_tour][\/vc_column][\/vc_row][vc_row][vc_column]<h2 class=\"calluna-heading calluna-heading-single-line text-align-center \" ><span>Contactez-nous<\/span><\/h2>[vc_column_text]<strong><em>Informations aux termes du R\u00e8glement Europ\u00e9en 2016\/679<\/em><\/strong><br \/>\nLes adresses de courrier \u00e9lectronique, les noms et les autres donn\u00e9es \u00e0 caract\u00e8re personnel fournies par les visiteurs de ce site seront utilis\u00e9s pour les seuls buts sp\u00e9cifi\u00e9s dans le formulaire. Notamment la requ\u00eate des donn\u00e9es \u00e0 caract\u00e8re personnel sert \u00e0 consentir \u00e0 r\u00e9pondre aux questions des visiteurs.<br \/>\nDans aucun cas ces donn\u00e9es \u00e0 caract\u00e8re personnel seront utilis\u00e9es pour envoyer des messages non souhait\u00e9s.<br \/>\nLes responsables de ce site ne c\u00e8dent pas \u00e0 tiers les adresses de courrier \u00e9lectronique pr\u00e9sents dans leurs bases de donn\u00e9es.<br \/>\nLa privacy policy de Casino de la Vall\u00e9e s.p.a peut \u00eatre consult\u00e9e \u00e0 la page :<br \/>\n<strong><a href=\"https:\/\/www.casinodelavallee.com\/corporate\/privacy\/informativa-privacy-web\/\">https:\/\/www.casinodelavallee.com\/corporate\/privacy\/informativa-privacy-web\/<\/a><\/strong><br \/>\n\u00c0 tout moment vous pouvez avoir acc\u00e8s \u00e0 vos donn\u00e9es personnelles et \u00e0 l&rsquo;exercice des droits repr\u00e9sent\u00e9s par l&rsquo;art. 13 de la DGPR en contactant le responsable du traitement des donn\u00e9es ou le d\u00e9l\u00e9gu\u00e9 \u00e0 la protection des donn\u00e9es (DPD) par courrier \u00e9lectronique \u00e0 l&rsquo;adresse: <strong><a href=\"mailto:generale@svrc.it\">generale@svrc.it<\/a><\/strong>[\/vc_column_text]<div role=\"form\" class=\"wpcf7\" id=\"wpcf7-f1502-o1\" lang=\"it-IT\" dir=\"ltr\">\n<div class=\"screen-reader-response\"><p role=\"status\" aria-live=\"polite\" aria-atomic=\"true\"><\/p> <ul><\/ul><\/div>\n<form action=\"\/fr\/wp-json\/wp\/v2\/pages\/1499#wpcf7-f1502-o1\" method=\"post\" class=\"wpcf7-form init\" data-status=\"init\">\n<div style=\"display: none;\">\n<input type=\"hidden\" name=\"_wpcf7\" value=\"1502\" \/>\n<input type=\"hidden\" name=\"_wpcf7_version\" value=\"5.5.6\" \/>\n<input type=\"hidden\" name=\"_wpcf7_locale\" value=\"it_IT\" \/>\n<input type=\"hidden\" name=\"_wpcf7_unit_tag\" value=\"wpcf7-f1502-o1\" \/>\n<input type=\"hidden\" name=\"_wpcf7_container_post\" value=\"0\" \/>\n<input type=\"hidden\" name=\"_wpcf7_posted_data_hash\" value=\"\" \/>\n<input type=\"hidden\" name=\"_wpcf7_recaptcha_response\" value=\"\" \/>\n<\/div>\n<div class=\"row\">\n  <div class=\"col-sm-6\">\n    <div class=\"form-group firstName\"><label class=\"\">Pr\u00e9nom <span class=\"required\">*<\/span><\/label><input class=\"wpcf7-form-control wpcf7-text wpcf7-validates-as-required form-control\" name=\"firstName\" type=\"text\" value=\"\" aria-invalid=\"false\" aria-required=\"true\" required><\/div>\n  <\/div>\n  <div class=\"col-sm-6\">\n   <div class=\"form-group email\"><label class=\"\">Email <span class=\"required\">*<\/span><\/label><input class=\"wpcf7-form-control wpcf7-text wpcf7-email wpcf7-validates-as-required wpcf7-validates-as-email form-control\" name=\"email\" type=\"text\" value=\"\" aria-invalid=\"false\" aria-required=\"true\" required><\/div>\n  <\/div>\n<\/div>\n<div class=\"row\">\n <div class=\"col-sm-6\">\n<div class=\"form-group Message\"><label class=\"\">Message <span class=\"required\">*<\/span><\/label><textarea class=\"wpcf7-form-control wpcf7-textarea wpcf7-validates-as-required form-control\" name=\"Message\" rows=\"4\" aria-invalid=\"false\" aria-required=\"true\" required><\/textarea><\/div>\n <\/div>\n <div class=\"col-sm-6\">\n\n<div class=\"form-group your-recipient\"><label class=\"\">Quelle structure voulez-vous contacter <span class=\"required\">*<\/span><\/label><select class=\"wpcf7-form-control wpcf7-select wpcf7-validates-as-required form-control\" name=\"your-recipient\" aria-invalid=\"false\" aria-required=\"true\" required><option value=\"info Casino\">info Casino<\/option><option value=\"R\u00e9ception du Resort (info et r\u00e9servations)\">R\u00e9ception du Resort (info et r\u00e9servations)<\/option><option value=\"Service commercial (Informations, contacts d&#039;affaires et de marketing)\">Service commercial (Informations, contacts d&#039;affaires et de marketing)<\/option><option value=\"Congress Center (Infos et r\u00e9servations de r\u00e9unions)\">Congress Center (Infos et r\u00e9servations de r\u00e9unions)<\/option><\/select><\/div>\n <\/div>\n<\/div>\n<div class=\"row\">\n <div class=\"col-sm-12\">\n<div class=\"form-group wpcf7-form-control wpcf7-checkbox wpcf7-validates-as-required privacy\"><div class=\"checkbox wpcf7-form-control wpcf7-checkbox wpcf7-validates-as-required privacy\"><label  for=\"privacy\"><input id=\"privacy\" name=\"privacy\" type=\"checkbox\" value=\"Je pr\u00eate mon consentement au traitement des donn\u00e9es \u00e0 caract\u00e8re personnel selon la note d\u2019information dont j\u2019ai pris enti\u00e8rement connaissance.\" aria-invalid=\"false\" aria-required=\"true\" required>Je pr\u00eate mon consentement au traitement des donn\u00e9es \u00e0 caract\u00e8re personnel selon la note d\u2019information dont j\u2019ai pris enti\u00e8rement connaissance.<\/label><\/div><\/div>\n<div class=\"form-group wpcf7-form-control wpcf7-checkbox newsletter\"><div class=\"checkbox wpcf7-form-control wpcf7-checkbox newsletter\"><label  for=\"newsletter\"><input id=\"newsletter\" name=\"newsletter\" type=\"checkbox\" value=\"J&#039;accepte de m&#039;inscrire \u00e0 la Newsletter afin de recevoir des informations relatives \u00e0 la structure pr\u00e9c\u00e9demment s\u00e9lectionn\u00e9e, sachant que mes donn\u00e9es ne seront pas divulgu\u00e9es \u00e0 des tiers.\" aria-invalid=\"false\">J'accepte de m'inscrire \u00e0 la Newsletter afin de recevoir des informations relatives \u00e0 la structure pr\u00e9c\u00e9demment s\u00e9lectionn\u00e9e, sachant que mes donn\u00e9es ne seront pas divulgu\u00e9es \u00e0 des tiers.<\/label><\/div><\/div>\n <\/div>\n<\/div>\n<div class=\"row\">\n  <div class=\"col-sm-6\">\n    <div class=\"btn-primary-container\">\n     <div class=\"form-group\"><div><input class=\"wpcf7-form-control wpcf7-submit btn btn-primary style-1\" type=\"submit\" value=\"Envoyer\"><\/div><\/div>\n    <\/div>\n  <\/div>\n<\/div><p style=\"display: none !important;\"><label>&#916;<textarea name=\"_wpcf7_ak_hp_textarea\" cols=\"45\" rows=\"8\" maxlength=\"100\"><\/textarea><\/label><input type=\"hidden\" id=\"ak_js_1\" name=\"_wpcf7_ak_js\" value=\"33\"\/><script>document.getElementById( \"ak_js_1\" ).setAttribute( \"value\", ( new Date() ).getTime() );<\/script><\/p><div class=\"wpcf7-response-output alert alert-warning\"><\/div><\/form><\/div>[\/vc_column][\/vc_row]\n","protected":false},"excerpt":{"rendered":"<p>[vc_row gap=\u00a0\u00bb25&Prime; css=\u00a0\u00bb.vc_custom_1462644203557{padding-top: 50px !important;padding-bottom: 50px !important;}\u00a0\u00bb][vc_column offset=\u00a0\u00bbvc_col-lg-4 vc_col-md-12&Prime;][vc_tta_tour][vc_tta_section i_icon_fontawesome=\u00a0\u00bbfa fa-phone\u00a0\u00bb add_icon=\u00a0\u00bbtrue\u00a0\u00bb tab_id=\u00a0\u00bb1462874697295-3f895b4d-988f\u00a0\u00bb][vc_column_text] T\u00e9l\u00e9phone et fax: T\u00e9l: (+39) 0166.5221 FAX: (+39)-0166-522477 [\/vc_column_text][\/vc_tta_section][vc_tta_section i_icon_fontawesome=\u00a0\u00bbfa fa-envelope-o\u00a0\u00bb add_icon=\u00a0\u00bbtrue\u00a0\u00bb tab_id=\u00a0\u00bb1462874697435-bb80b44e-7a7a\u00a0\u00bb][vc_column_text]Email: ufficio.marketing@svrc.it [\/vc_column_text][\/vc_tta_section][vc_tta_section i_icon_fontawesome=\u00a0\u00bbfa fa-map-marker\u00a0\u00bb add_icon=\u00a0\u00bbtrue\u00a0\u00bb tab_id=\u00a0\u00bb1462874697154-9d1eccaf-5ae9&Prime;][vc_column_text] Adresse: Via Italo Mus, SNC 11027 Saint-Vincent Coordonn\u00e9es GPS: 45.752154 7.642143 [\/vc_column_text][\/vc_tta_section][\/vc_tta_tour][\/vc_column][vc_column offset=\u00a0\u00bbvc_col-lg-4 vc_col-md-12&Prime;][vc_tta_tour][vc_tta_section i_icon_fontawesome=\u00a0\u00bbfa fa-phone\u00a0\u00bb add_icon=\u00a0\u00bbtrue\u00a0\u00bb tab_id=\u00a0\u00bb1462874704091-45ae06ef-e34a\u00a0\u00bb][vc_column_text] T\u00e9l\u00e9phone et fax: T\u00e9l: (+39) [&hellip;]<\/p>\n","protected":false},"author":1,"featured_media":0,"parent":0,"menu_order":0,"comment_status":"closed","ping_status":"closed","template":"","meta":{"_expiration-date-status":"saved","_expiration-date":0,"_expiration-date-type":"","_expiration-date-categories":[],"_expiration-date-options":[]},"_links":{"self":[{"href":"https:\/\/www.casinodelavallee.com\/fr\/wp-json\/wp\/v2\/pages\/1499"}],"collection":[{"href":"https:\/\/www.casinodelavallee.com\/fr\/wp-json\/wp\/v2\/pages"}],"about":[{"href":"https:\/\/www.casinodelavallee.com\/fr\/wp-json\/wp\/v2\/types\/page"}],"author":[{"embeddable":true,"href":"https:\/\/www.casinodelavallee.com\/fr\/wp-json\/wp\/v2\/users\/1"}],"replies":[{"embeddable":true,"href":"https:\/\/www.casinodelavallee.com\/fr\/wp-json\/wp\/v2\/comments?post=1499"}],"version-history":[{"count":0,"href":"https:\/\/www.casinodelavallee.com\/fr\/wp-json\/wp\/v2\/pages\/1499\/revisions"}],"wp:attachment":[{"href":"https:\/\/www.casinodelavallee.com\/fr\/wp-json\/wp\/v2\/media?parent=1499"}],"curies":[{"name":"wp","href":"https:\/\/api.w.org\/{rel}","templated":true}]}}