{"id":275,"date":"2016-03-18T11:07:57","date_gmt":"2016-03-18T10:07:57","guid":{"rendered":"http:\/\/www.casinodelavallee.com\/fr\/saint-vincent-resort-casino\/"},"modified":"2018-12-17T10:20:39","modified_gmt":"2018-12-17T09:20:39","slug":"saint-vincent-resort-casino","status":"publish","type":"page","link":"https:\/\/www.casinodelavallee.com\/fr\/saint-vincent-resort-casino\/","title":{"rendered":"Saint-Vincent Resort &#038; Casino"},"content":{"rendered":"[vc_row full_width=\u00a0\u00bbstretch_row_content_no_spaces\u00a0\u00bb css=\u00a0\u00bb.vc_custom_1458298112672{padding-top: 100px !important;padding-right: 30px !important;padding-bottom: 100px !important;padding-left: 30px !important;background-image: url(http:\/\/www.casinodelavallee.com\/wp-content\/uploads\/2016\/03\/sfondo.jpg?id=25) !important;}\u00a0\u00bb][vc_column]<h2 class=\"calluna-heading calluna-heading-single-line text-align-center \" style=\"color: #70584a;\"><span>Saint-Vincent Resort &amp; Casino<\/span><\/h2>[vc_column_text css_animation=\u00a0\u00bbbottom-to-top\u00a0\u00bb]\n<p style=\"color: #e8e8e8; font-size: 35px; text-shadow: #666666 1px 1px 1px; line-height: 1; text-align: center;\">Venez vivre votre exp\u00e9rience magique&#8230;<\/p>\n[\/vc_column_text][\/vc_column][\/vc_row][vc_row full_width=\u00a0\u00bbstretch_row_content_no_spaces\u00a0\u00bb parallax=\u00a0\u00bbcontent-moving\u00a0\u00bb css=\u00a0\u00bb.vc_custom_1462954090136{background-image: url(http:\/\/www.casinodelavallee.com\/wp-content\/uploads\/2016\/03\/casino-saint-vincent-1.jpg?id=493) !important;background-position: center;background-repeat: no-repeat !important;background-size: cover !important;}\u00a0\u00bb][vc_column css=\u00a0\u00bb.vc_custom_1461922967623{padding-top: 150px !important;padding-bottom: 150px !important;}\u00a0\u00bb offset=\u00a0\u00bbvc_hidden-md vc_hidden-sm vc_hidden-xs\u00a0\u00bb][vc_column_text css_animation=\u00a0\u00bbbottom-to-top\u00a0\u00bb css=\u00a0\u00bb.vc_custom_1479715644204{padding-top: 280px !important;}\u00a0\u00bb]\n<p style=\"color: #e8e8e8; font-size: 35px; text-shadow: #666666 1px 1px 1px; line-height: 1; text-align: center;\"><strong>La magie vit \u00e0 Saint-Vincent<\/strong><\/p>\n[\/vc_column_text][vc_raw_html css=\u00a0\u00bb.vc_custom_1473084165190{padding-top: 30px !important;}\u00a0\u00bb]JTNDZGl2JTIwY2xhc3MlM0QlMjJib3R0b25lJTIyJTNFJTBBJTNDYSUyMGhyZWYlM0QlMjIlMkZjYXNpbm8lMkZmciUyRiUyMiUyMHN0eWxlJTNEJTIydGV4dC1hbGlnbiUzQSUyMGNlbnRlciUyMiUzRUVuJTIwc2F2b2lyJTIwcGx1cyUzQyUyRmElM0UlM0MlMkZkaXYlM0U=[\/vc_raw_html][\/vc_column][\/vc_row][vc_row full_width=\u00a0\u00bbstretch_row_content_no_spaces\u00a0\u00bb][vc_column offset=\u00a0\u00bbvc_hidden-lg\u00a0\u00bb css=\u00a0\u00bb.vc_custom_1463042569715{padding-top: 180px !important;padding-right: 10px !important;padding-bottom: 20px !important;padding-left: 10px !important;background-image: url(http:\/\/www.casinodelavallee.com\/wp-content\/uploads\/2016\/03\/casino-saint-vincent-1.jpg?id=493) !important;background-position: center !important;background-repeat: no-repeat !important;background-size: cover !important;}\u00a0\u00bb][vc_column_text css_animation=\u00a0\u00bbbottom-to-top\u00a0\u00bb css=\u00a0\u00bb.vc_custom_1479715653018{padding-top: 30px !important;}\u00a0\u00bb]\n<p style=\"color: #e8e8e8; font-size: 35px; text-shadow: #666666 1px 1px 1px; line-height: 1; text-align: center;\"><strong>La magie vit \u00e0 Saint-Vincent<\/strong><\/p>\n[\/vc_column_text][vc_raw_html css=\u00a0\u00bb.vc_custom_1473084205014{padding-top: 30px !important;}\u00a0\u00bb]JTNDZGl2JTIwY2xhc3MlM0QlMjJib3R0b25lJTIyJTNFJTBBJTNDYSUyMGhyZWYlM0QlMjIlMkZjYXNpbm8lMkZmciUyRiUyMiUzRUVuJTIwc2F2b2lyJTIwcGx1cyUzQyUyRmElM0UlM0MlMkZkaXYlM0U=[\/vc_raw_html][\/vc_column][\/vc_row][vc_row full_width=\u00a0\u00bbstretch_row_content_no_spaces\u00a0\u00bb css=\u00a0\u00bb.vc_custom_1458298112672{padding-top: 100px !important;padding-right: 30px !important;padding-bottom: 100px !important;padding-left: 30px !important;background-image: url(http:\/\/www.casinodelavallee.com\/wp-content\/uploads\/2016\/03\/sfondo.jpg?id=25) !important;}\u00a0\u00bb][vc_column]<h2 class=\"calluna-heading calluna-heading-single-line text-align-center \" style=\"color: #70584a;\"><span>Hotels<\/span><\/h2>[vc_column_text css_animation=\u00a0\u00bbbottom-to-top\u00a0\u00bb]\n<p style=\"color: #e8e8e8; font-size: 35px; text-shadow: #666666 1px 1px 1px; line-height: 1; text-align: center;\">2 h\u00f4tels <strong>extra<\/strong>ordinaries<\/p>\n<p style=\"color: #e8e8e8; font-size: 35px; text-shadow: #666666 1px 1px 1px; line-height: 1; text-align: center;\">Choisissez votre h\u00f4tel et&#8230; R\u00e9servez!<\/p>\n[\/vc_column_text][\/vc_column][\/vc_row][vc_row full_width=\u00a0\u00bbstretch_row_content_no_spaces\u00a0\u00bb parallax=\u00a0\u00bbcontent-moving\u00a0\u00bb parallax_image=\u00a0\u00bb81&Prime;][vc_column css=\u00a0\u00bb.vc_custom_1461910214061{padding-top: 150px !important;padding-bottom: 120px !important;}\u00a0\u00bb offset=\u00a0\u00bbvc_hidden-sm vc_hidden-xs\u00a0\u00bb][vc_single_image image=\u00a0\u00bb71&Prime; alignment=\u00a0\u00bbcenter\u00a0\u00bb css_animation=\u00a0\u00bbbottom-to-top\u00a0\u00bb][vc_column_text css_animation=\u00a0\u00bbbottom-to-top\u00a0\u00bb css=\u00a0\u00bb.vc_custom_1479715693009{padding-top: 30px !important;}\u00a0\u00bb]\n<p style=\"color: #e8e8e8; font-size: 45px; text-shadow: #666666 1px 1px 1px; line-height: 1; text-align: center;\"><strong>Grand Hotel Billia<\/strong><\/p>\n<p style=\"color: #e8e8e8; font-size: 25px; text-shadow: #666666 1px 1px 1px; line-height: 1; text-align: center;\"><strong>La magie de l&rsquo;histoire<\/strong><\/p>\n[\/vc_column_text][vc_raw_html css=\u00a0\u00bb.vc_custom_1473084385876{padding-top: 30px !important;}\u00a0\u00bb]JTNDZGl2JTIwY2xhc3MlM0QlMjJib3R0b25lJTIyJTNFJTBBJTNDYSUyMGhyZWYlM0QlMjIlMkZncmFuZGhvdGVsYmlsbGlhJTJGZnIlMkYlMjIlM0UlMEFFbiUyMHNhdm9pciUyMHBsdXMlMEElM0MlMkZhJTNFJTNDJTJGZGl2JTNF[\/vc_raw_html][\/vc_column][\/vc_row][vc_row full_width=\u00a0\u00bbstretch_row_content_no_spaces\u00a0\u00bb css=\u00a0\u00bb.vc_custom_1463041865233{background-image: url(http:\/\/www.casinodelavallee.com\/wp-content\/uploads\/2016\/03\/grandhotelbilliasaintvincent.jpg?id=408) !important;background-position: center !important;background-repeat: no-repeat !important;background-size: cover !important;}\u00a0\u00bb][vc_column offset=\u00a0\u00bbvc_hidden-lg vc_hidden-md\u00a0\u00bb css=\u00a0\u00bb.vc_custom_1461922334512{padding-top: 100px !important;padding-bottom: 100px !important;background-image: url(http:\/\/www.casinodelavallee.com\/wp-content\/uploads\/2016\/03\/casinodisaintvincent-1.jpg?id=393) !important;}\u00a0\u00bb][vc_single_image image=\u00a0\u00bb71&Prime; alignment=\u00a0\u00bbcenter\u00a0\u00bb css_animation=\u00a0\u00bbbottom-to-top\u00a0\u00bb][vc_column_text css_animation=\u00a0\u00bbbottom-to-top\u00a0\u00bb css=\u00a0\u00bb.vc_custom_1479715708745{padding-top: 30px !important;}\u00a0\u00bb]\n<p style=\"color: #e8e8e8; font-size: 45px; text-shadow: #666666 1px 1px 1px; line-height: 1; text-align: center;\"><strong>Grand Hotel Billia<\/strong><\/p>\n<p style=\"color: #e8e8e8; font-size: 25px; text-shadow: #666666 1px 1px 1px; line-height: 1; text-align: center;\"><strong>La magie de l&rsquo;histoire<\/strong><\/p>\n[\/vc_column_text][vc_raw_html css=\u00a0\u00bb.vc_custom_1473084417179{padding-top: 30px !important;}\u00a0\u00bb]JTNDZGl2JTIwY2xhc3MlM0QlMjJib3R0b25lJTIyJTNFJTBBJTNDYSUyMGhyZWYlM0QlMjIlMkZncmFuZGhvdGVsYmlsbGlhJTJGZW4lMkYlMjIlM0UlMEFFbiUyMHNhdm9pciUyMHBsdXMlMEElM0MlMkZhJTNFJTNDJTJGZGl2JTNF[\/vc_raw_html][\/vc_column][\/vc_row][vc_row full_width=\u00a0\u00bbstretch_row_content_no_spaces\u00a0\u00bb parallax=\u00a0\u00bbcontent-moving\u00a0\u00bb parallax_image=\u00a0\u00bb82&Prime;][vc_column css=\u00a0\u00bb.vc_custom_1461910253616{padding-top: 150px !important;padding-bottom: 130px !important;}\u00a0\u00bb offset=\u00a0\u00bbvc_hidden-sm vc_hidden-xs\u00a0\u00bb][vc_single_image image=\u00a0\u00bb4196&Prime; alignment=\u00a0\u00bbcenter\u00a0\u00bb css_animation=\u00a0\u00bbbottom-to-top\u00a0\u00bb][vc_column_text css_animation=\u00a0\u00bbbottom-to-top\u00a0\u00bb css=\u00a0\u00bb.vc_custom_1479715678704{padding-top: 30px !important;}\u00a0\u00bb]\n<p style=\"color: #e8e8e8; font-size: 45px; text-shadow: #666666 1px 1px 1px; line-height: 1; text-align: center;\"><strong>Parc Hotel Billia<\/strong><\/p>\n<p style=\"color: #e8e8e8; font-size: 25px; text-shadow: #666666 1px 1px 1px; line-height: 1; text-align: center;\"><strong>Le luxe de la simplicit\u00e9<\/strong><\/p>\n[\/vc_column_text][vc_raw_html css=\u00a0\u00bb.vc_custom_1473084466992{padding-top: 30px !important;}\u00a0\u00bb]JTNDZGl2JTIwY2xhc3MlM0QlMjJib3R0b25lJTIyJTNFJTBBJTNDYSUyMGhyZWYlM0QlMjIlMkZwYXJjaG90ZWxiaWxsaWElMkZmciUyRiUyMiUzRSUwQUVuJTIwc2F2b2lyJTIwcGx1cyUwQSUzQyUyRmElM0UlM0MlMkZkaXYlM0U=[\/vc_raw_html][\/vc_column][\/vc_row][vc_row full_width=\u00a0\u00bbstretch_row_content_no_spaces\u00a0\u00bb css=\u00a0\u00bb.vc_custom_1463041876587{background-image: url(http:\/\/www.casinodelavallee.com\/wp-content\/uploads\/2016\/03\/parchotelbilliasaintvincent.jpg?id=409) !important;background-position: center !important;background-repeat: no-repeat !important;background-size: cover !important;}\u00a0\u00bb][vc_column offset=\u00a0\u00bbvc_hidden-lg vc_hidden-md\u00a0\u00bb css=\u00a0\u00bb.vc_custom_1461922334512{padding-top: 100px !important;padding-bottom: 100px !important;background-image: url(http:\/\/www.casinodelavallee.com\/wp-content\/uploads\/2016\/03\/casinodisaintvincent-1.jpg?id=393) !important;}\u00a0\u00bb][vc_single_image image=\u00a0\u00bb4196&Prime; alignment=\u00a0\u00bbcenter\u00a0\u00bb css_animation=\u00a0\u00bbbottom-to-top\u00a0\u00bb][vc_column_text css_animation=\u00a0\u00bbbottom-to-top\u00a0\u00bb css=\u00a0\u00bb.vc_custom_1479715721465{padding-top: 30px !important;}\u00a0\u00bb]\n<p style=\"color: #e8e8e8; font-size: 45px; text-shadow: #666666 1px 1px 1px; line-height: 1; text-align: center;\"><strong>Parc Hotel Billia<\/strong><\/p>\n<p style=\"color: #e8e8e8; font-size: 25px; text-shadow: #666666 1px 1px 1px; line-height: 1; text-align: center;\"><strong>Le luxe de la simplicit\u00e9<\/strong><\/p>\n[\/vc_column_text][vc_raw_html css=\u00a0\u00bb.vc_custom_1473084508516{padding-top: 30px !important;}\u00a0\u00bb]JTNDZGl2JTIwY2xhc3MlM0QlMjJib3R0b25lJTIyJTNFJTBBJTNDYSUyMGhyZWYlM0QlMjIlMkZwYXJjaG90ZWxiaWxsaWElMkZmciUyRiUyMiUzRSUwQUVuJTIwc2F2b2lyJTIwcGx1cyUwQSUzQyUyRmElM0UlM0MlMkZkaXYlM0U=[\/vc_raw_html][\/vc_column][\/vc_row][vc_row full_width=\u00a0\u00bbstretch_row\u00a0\u00bb css=\u00a0\u00bb.vc_custom_1458756964973{padding-top: 50px !important;padding-bottom: 50px !important;background-image: url(http:\/\/www.casinodelavallee.com\/wp-content\/uploads\/2016\/03\/sfondo.jpg?id=25) !important;}\u00a0\u00bb][vc_column]<h2 class=\"calluna-heading calluna-heading-single-line text-align-center \" style=\"color: #70584a;\"><span>\u00e9v\u00e9nements \u00e0 venir<\/span><\/h2>[vc_column_text css=\u00a0\u00bb.vc_custom_1473084565978{padding-bottom: 30px !important;}\u00a0\u00bb]\n<p style=\"color: #e8e8e8; text-align: center;\">Venez vivre des \u00e9motions magiques<\/p>\n[\/vc_column_text][masterslider_pb alias=\u00a0\u00bbeventi-fr\u00a0\u00bb][\/vc_column][\/vc_row][vc_row full_width=\u00a0\u00bbstretch_row_content_no_spaces\u00a0\u00bb parallax=\u00a0\u00bbcontent-moving\u00a0\u00bb parallax_image=\u00a0\u00bb162&Prime;][vc_column css=\u00a0\u00bb.vc_custom_1461910336111{padding-top: 150px !important;padding-bottom: 130px !important;}\u00a0\u00bb offset=\u00a0\u00bbvc_hidden-sm vc_hidden-xs\u00a0\u00bb][vc_single_image image=\u00a0\u00bb158&Prime; alignment=\u00a0\u00bbcenter\u00a0\u00bb css_animation=\u00a0\u00bbbottom-to-top\u00a0\u00bb][vc_column_text css_animation=\u00a0\u00bbbottom-to-top\u00a0\u00bb css=\u00a0\u00bb.vc_custom_1479715731731{padding-top: 30px !important;}\u00a0\u00bb]\n<p style=\"color: #e8e8e8; font-size: 35px; text-shadow: #666666 1px 1px 1px; line-height: 1; text-align: center;\"><strong>1.700 metres carr\u00e9s de calins pour toi<\/strong><\/p>\n[\/vc_column_text][vc_raw_html css=\u00a0\u00bb.vc_custom_1473084626702{padding-top: 30px !important;}\u00a0\u00bb]JTNDZGl2JTIwY2xhc3MlM0QlMjJib3R0b25lJTIyJTNFJTBBJTNDYSUyMGhyZWYlM0QlMjIlMkZzcGElMkZmciUyRiUyMiUzRSUwQWVuJTIwc2F2b2lyJTIwcGx1cyUwQSUzQyUyRmElM0UlM0MlMkZkaXYlM0U=[\/vc_raw_html][\/vc_column][\/vc_row][vc_row full_width=\u00a0\u00bbstretch_row_content_no_spaces\u00a0\u00bb css=\u00a0\u00bb.vc_custom_1463041888525{background-image: url(http:\/\/www.casinodelavallee.com\/wp-content\/uploads\/2016\/03\/termesaintvincent.jpg?id=410) !important;background-position: center !important;background-repeat: no-repeat !important;background-size: cover !important;}\u00a0\u00bb][vc_column offset=\u00a0\u00bbvc_hidden-lg vc_hidden-md\u00a0\u00bb css=\u00a0\u00bb.vc_custom_1461922334512{padding-top: 100px !important;padding-bottom: 100px !important;background-image: url(http:\/\/www.casinodelavallee.com\/wp-content\/uploads\/2016\/03\/casinodisaintvincent-1.jpg?id=393) !important;}\u00a0\u00bb][vc_single_image image=\u00a0\u00bb158&Prime; alignment=\u00a0\u00bbcenter\u00a0\u00bb css_animation=\u00a0\u00bbbottom-to-top\u00a0\u00bb][vc_column_text css_animation=\u00a0\u00bbbottom-to-top\u00a0\u00bb css=\u00a0\u00bb.vc_custom_1479715743290{padding-top: 30px !important;}\u00a0\u00bb]\n<p style=\"color: #e8e8e8; font-size: 35px; text-shadow: #666666 1px 1px 1px; line-height: 1; text-align: center;\"><strong>1.700 metres carr\u00e9s de calins pour toi<\/strong><\/p>\n[\/vc_column_text][vc_raw_html css=\u00a0\u00bb.vc_custom_1473084671359{padding-top: 30px !important;}\u00a0\u00bb]JTNDZGl2JTIwY2xhc3MlM0QlMjJib3R0b25lJTIyJTNFJTBBJTNDYSUyMGhyZWYlM0QlMjIlMkZzcGElMkZmciUyRiUyMiUzRSUwQUVuJTIwc2F2b2lyJTIwcGx1cyUwQSUzQyUyRmElM0UlM0MlMkZkaXYlM0U=[\/vc_raw_html][\/vc_column][\/vc_row][vc_row full_width=\u00a0\u00bbstretch_row_content_no_spaces\u00a0\u00bb css=\u00a0\u00bb.vc_custom_1458298112672{padding-top: 100px !important;padding-right: 30px !important;padding-bottom: 100px !important;padding-left: 30px !important;background-image: url(http:\/\/www.casinodelavallee.com\/wp-content\/uploads\/2016\/03\/sfondo.jpg?id=25) !important;}\u00a0\u00bb][vc_column]<h2 class=\"calluna-heading calluna-heading-single-line text-align-center \" style=\"color: #70584a;\"><span>Food &amp; Beverage<\/span><\/h2>[vc_column_text css_animation=\u00a0\u00bbbottom-to-top\u00a0\u00bb]\n<p style=\"color: #e8e8e8; font-size: 35px; text-shadow: #666666 1px 1px 1px; line-height: 1; text-align: center;\">D\u00e9couvrez les bars et restaurants de notre Resort<\/p>\n[\/vc_column_text][vc_raw_html css=\u00a0\u00bb.vc_custom_1473084725901{padding-top: 30px !important;}\u00a0\u00bb]JTNDZGl2JTIwY2xhc3MlM0QlMjJib3R0b25lJTIyJTNFJTBBJTNDYSUyMGhyZWYlM0QlMjIlMkZmb29kZHJpbmslMkZmciUyRiUyMiUzRSUwQUVuJTIwc2F2b2lyJTIwcGx1cyUwQSUzQyUyRmElM0UlM0MlMkZkaXYlM0UlMEE=[\/vc_raw_html][\/vc_column][\/vc_row][vc_row full_width=\u00a0\u00bbstretch_row_content_no_spaces\u00a0\u00bb parallax=\u00a0\u00bbcontent-moving\u00a0\u00bb parallax_image=\u00a0\u00bb163&Prime;][vc_column css=\u00a0\u00bb.vc_custom_1461910361728{padding-top: 150px !important;padding-bottom: 130px !important;}\u00a0\u00bb offset=\u00a0\u00bbvc_hidden-sm vc_hidden-xs\u00a0\u00bb][vc_single_image image=\u00a0\u00bb159&Prime; alignment=\u00a0\u00bbcenter\u00a0\u00bb css_animation=\u00a0\u00bbtop-to-bottom\u00a0\u00bb][vc_column_text css_animation=\u00a0\u00bbbottom-to-top\u00a0\u00bb css=\u00a0\u00bb.vc_custom_1479715762738{padding-top: 30px !important;}\u00a0\u00bb]\n<p style=\"color: #e8e8e8; font-size: 35px; text-shadow: #666666 1px 1px 1px; line-height: 1; text-align: center;\"><strong>Tecnologie et professionalisme au service de votre business<\/strong><\/p>\n[\/vc_column_text][vc_raw_html css=\u00a0\u00bb.vc_custom_1473084891708{padding-top: 30px !important;}\u00a0\u00bb]JTNDZGl2JTIwY2xhc3MlM0QlMjJib3R0b25lJTIyJTNFJTBBJTNDYSUyMGhyZWYlM0QlMjIlMkZjZW50cm9jb25ncmVzc2klMkZmciUyRiUyMiUzRSUwQUVuJTIwc2F2b2lyJTIwcGx1cyUwQSUzQyUyRmElM0UlM0MlMkZkaXYlM0U=[\/vc_raw_html][\/vc_column][\/vc_row][vc_row full_width=\u00a0\u00bbstretch_row_content_no_spaces\u00a0\u00bb css=\u00a0\u00bb.vc_custom_1463041899298{background-image: url(http:\/\/www.casinodelavallee.com\/wp-content\/uploads\/2016\/03\/centrocongressivalledaosta.jpg?id=411) !important;background-position: center !important;background-repeat: no-repeat !important;background-size: cover !important;}\u00a0\u00bb][vc_column offset=\u00a0\u00bbvc_hidden-lg vc_hidden-md\u00a0\u00bb css=\u00a0\u00bb.vc_custom_1461922334512{padding-top: 100px !important;padding-bottom: 100px !important;background-image: url(http:\/\/www.casinodelavallee.com\/wp-content\/uploads\/2016\/03\/casinodisaintvincent-1.jpg?id=393) !important;}\u00a0\u00bb][vc_single_image image=\u00a0\u00bb159&Prime; alignment=\u00a0\u00bbcenter\u00a0\u00bb css_animation=\u00a0\u00bbtop-to-bottom\u00a0\u00bb][vc_column_text css_animation=\u00a0\u00bbbottom-to-top\u00a0\u00bb css=\u00a0\u00bb.vc_custom_1479715772792{padding-top: 30px !important;}\u00a0\u00bb]\n<p style=\"color: #e8e8e8; font-size: 35px; text-shadow: #666666 1px 1px 1px; line-height: 1; text-align: center;\"><strong>Tecnologie et professionalisme au service de votre business<\/strong><\/p>\n[\/vc_column_text][vc_raw_html css=\u00a0\u00bb.vc_custom_1473084876588{padding-top: 30px !important;}\u00a0\u00bb]JTNDZGl2JTIwY2xhc3MlM0QlMjJib3R0b25lJTIyJTNFJTBBJTNDYSUyMGhyZWYlM0QlMjIlMkZjb25ncmVzc2NlbnRlciUyRmZyJTJGJTIyJTNFJTBBRW4lMjBzYXZvaXIlMjBwbHVzJTBBJTNDJTJGYSUzRSUzQyUyRmRpdiUzRQ==[\/vc_raw_html][\/vc_column][\/vc_row]\n","protected":false},"excerpt":{"rendered":"<p>[vc_row full_width=\u00a0\u00bbstretch_row_content_no_spaces\u00a0\u00bb css=\u00a0\u00bb.vc_custom_1458298112672{padding-top: 100px !important;padding-right: 30px !important;padding-bottom: 100px !important;padding-left: 30px !important;background-image: url(http:\/\/www.casinodelavallee.com\/wp-content\/uploads\/2016\/03\/sfondo.jpg?id=25) !important;}\u00a0\u00bb][vc_column][vc_column_text css_animation=\u00a0\u00bbbottom-to-top\u00a0\u00bb] Venez vivre votre exp\u00e9rience magique&#8230; [\/vc_column_text][\/vc_column][\/vc_row][vc_row full_width=\u00a0\u00bbstretch_row_content_no_spaces\u00a0\u00bb parallax=\u00a0\u00bbcontent-moving\u00a0\u00bb css=\u00a0\u00bb.vc_custom_1462954090136{background-image: url(http:\/\/www.casinodelavallee.com\/wp-content\/uploads\/2016\/03\/casino-saint-vincent-1.jpg?id=493) !important;background-position: center;background-repeat: no-repeat !important;background-size: cover !important;}\u00a0\u00bb][vc_column css=\u00a0\u00bb.vc_custom_1461922967623{padding-top: 150px !important;padding-bottom: 150px !important;}\u00a0\u00bb offset=\u00a0\u00bbvc_hidden-md vc_hidden-sm vc_hidden-xs\u00a0\u00bb][vc_column_text css_animation=\u00a0\u00bbbottom-to-top\u00a0\u00bb css=\u00a0\u00bb.vc_custom_1479715644204{padding-top: 280px !important;}\u00a0\u00bb] La magie vit \u00e0 Saint-Vincent [\/vc_column_text][vc_raw_html css=\u00a0\u00bb.vc_custom_1473084165190{padding-top: 30px !important;}\u00a0\u00bb]JTNDZGl2JTIwY2xhc3MlM0QlMjJib3R0b25lJTIyJTNFJTBBJTNDYSUyMGhyZWYlM0QlMjIlMkZjYXNpbm8lMkZmciUyRiUyMiUyMHN0eWxlJTNEJTIydGV4dC1hbGlnbiUzQSUyMGNlbnRlciUyMiUzRUVuJTIwc2F2b2lyJTIwcGx1cyUzQyUyRmElM0UlM0MlMkZkaXYlM0U=[\/vc_raw_html][\/vc_column][\/vc_row][vc_row full_width=\u00a0\u00bbstretch_row_content_no_spaces\u00a0\u00bb][vc_column offset=\u00a0\u00bbvc_hidden-lg\u00a0\u00bb css=\u00a0\u00bb.vc_custom_1463042569715{padding-top: 180px [&hellip;]<\/p>\n","protected":false},"author":1,"featured_media":0,"parent":0,"menu_order":0,"comment_status":"closed","ping_status":"closed","template":"","meta":{"_expiration-date-status":"saved","_expiration-date":0,"_expiration-date-type":"","_expiration-date-categories":[],"_expiration-date-options":[]},"_links":{"self":[{"href":"https:\/\/www.casinodelavallee.com\/fr\/wp-json\/wp\/v2\/pages\/275"}],"collection":[{"href":"https:\/\/www.casinodelavallee.com\/fr\/wp-json\/wp\/v2\/pages"}],"about":[{"href":"https:\/\/www.casinodelavallee.com\/fr\/wp-json\/wp\/v2\/types\/page"}],"author":[{"embeddable":true,"href":"https:\/\/www.casinodelavallee.com\/fr\/wp-json\/wp\/v2\/users\/1"}],"replies":[{"embeddable":true,"href":"https:\/\/www.casinodelavallee.com\/fr\/wp-json\/wp\/v2\/comments?post=275"}],"version-history":[{"count":0,"href":"https:\/\/www.casinodelavallee.com\/fr\/wp-json\/wp\/v2\/pages\/275\/revisions"}],"wp:attachment":[{"href":"https:\/\/www.casinodelavallee.com\/fr\/wp-json\/wp\/v2\/media?parent=275"}],"curies":[{"name":"wp","href":"https:\/\/api.w.org\/{rel}","templated":true}]}}