{"id":4643,"date":"2019-03-19T10:40:36","date_gmt":"2019-03-19T09:40:36","guid":{"rendered":"https:\/\/www.casinodelavallee.com\/?page_id=4643"},"modified":"2022-05-03T13:54:03","modified_gmt":"2022-05-03T11:54:03","slug":"infos-2","status":"publish","type":"page","link":"https:\/\/www.casinodelavallee.com\/fr\/infos-2\/","title":{"rendered":"Informations"},"content":{"rendered":"[vc_row full_width=\u00a0\u00bbstretch_row\u00a0\u00bb css=\u00a0\u00bb.vc_custom_1462644674846{padding-top: 35px !important;}\u00a0\u00bb][vc_column]<h2 class=\"calluna-heading calluna-heading-none text-align-left \" ><span>Horaires<\/span><\/h2>[vc_column_text css_animation=\u00a0\u00bbbottom-to-top\u00a0\u00bb]La Casino de la Vall\u00e9e est <strong>ouvert \u00e0 partir de <span style=\"color: #ff0000;\">10<\/span>h , 7 jours \u00e0 la semaine<\/strong>.[\/vc_column_text][vc_separator el_width=\u00a0\u00bb50&Prime; css=\u00a0\u00bb.vc_custom_1462642464995{padding-top: 30px !important;padding-bottom: 100px !important;}\u00a0\u00bb]<h2 class=\"calluna-heading calluna-heading-none text-align-left \" style=\"color: #cd3946;\"><span>Bureau de Service \u00e0 la Client\u00e8le<\/span><\/h2>[vc_column_text css_animation=\u00a0\u00bbbottom-to-top\u00a0\u00bb]Contact :\u00a0\u00a0<a href=\"mailto:informazioni@svrc.it\">informazioni@svrc.it<\/a>[\/vc_column_text][vc_separator el_width=\u00a0\u00bb50&Prime; css=\u00a0\u00bb.vc_custom_1462642464995{padding-top: 30px !important;padding-bottom: 100px !important;}\u00a0\u00bb]<h2 class=\"calluna-heading calluna-heading-none text-align-left \" ><span>Conditions d\u2019admission<\/span><\/h2>[vc_column_text css_animation=\u00a0\u00bbbottom-to-top\u00a0\u00bb]L\u2019acc\u00e8s au Casino de la Vall\u00e9e de Saint-Vincent est r\u00e9serv\u00e9 \u00e0 toute personne de plus de 18 ans. Une pi\u00e8ce d\u2019identit\u00e9 valable est obligatoire pour obtenir le billet d\u2019entr\u00e9e.<br \/>\nLes personnes r\u00e9sidant au Val d\u2019Aoste peuvent acc\u00e9der aux Salles de Jeux, cependant ne peuvent participer qu\u2019aux jeux \u00e9lectroniques et aux Tournois de Poker Texas Hold\u2019Em.<br \/>\nInfos au Customer Care.[\/vc_column_text][vc_separator el_width=\u00a0\u00bb50&Prime; css=\u00a0\u00bb.vc_custom_1462642464995{padding-top: 30px !important;padding-bottom: 100px !important;}\u00a0\u00bb][\/vc_column][\/vc_row][vc_row full_width=\u00a0\u00bbstretch_row\u00a0\u00bb][vc_column]<h2 class=\"calluna-heading calluna-heading-none text-align-left \" style=\"color: #cd3946;\"><span>Loi Antiblanchiment<\/span><\/h2>[vc_column_text css_animation=\u00a0\u00bbbottom-to-top\u00a0\u00bb]Conform\u00e9ment \u00e0 la loi antiblanchiment d\u2019argent en vigueur depuis le 29 D\u00e9cembre 2007, qui pr\u00e9voit l\u2019obligation de identifier et enregistrer les donn\u00e9es des clients, il est indispensable et toujours obligatoire d\u2019exhiber une pi\u00e8ce d\u2019identit\u00e9 valable pour obtenir le billet d\u2019entr\u00e9e aux salles de jeux. Les clients d\u00e9tenteurs des cartes Club Rewards, Fidelity et VIP peuvent acc\u00e9der aux salles de jeux par une voie pr\u00e9f\u00e9rentielle et d\u00e9di\u00e9e.<br \/>\nNos Service Clients, Customer Care et Service Ch\u00e8ques sont \u00e0 disposition pour tout \u00e9claircissement et pour mettre \u00e0 jour, si n\u00e9cessaire, vos donn\u00e9es.[\/vc_column_text][vc_separator el_width=\u00a0\u00bb50&Prime; css=\u00a0\u00bb.vc_custom_1462642464995{padding-top: 30px !important;padding-bottom: 100px !important;}\u00a0\u00bb]<h2 class=\"calluna-heading calluna-heading-none text-align-left \" ><span>Prix et Offres<\/span><\/h2>[vc_column_text css_animation=\u00a0\u00bbbottom-to-top\u00a0\u00bb]L\u2019entr\u00e9e est toujours gratuite. Avec la Carte Club Rewards c\u2019est plus facile, \u00e0 travers une voie rapide.<br \/>\nLa Parking Sud est gratuit.[\/vc_column_text][vc_separator el_width=\u00a0\u00bb50&Prime; css=\u00a0\u00bb.vc_custom_1462642464995{padding-top: 30px !important;padding-bottom: 100px !important;}\u00a0\u00bb]<h2 class=\"calluna-heading calluna-heading-none text-align-left \" style=\"color: #cd3946;\"><span>Code vestimentaire<\/span><\/h2>[vc_column_text css_animation=\u00a0\u00bbbottom-to-top\u00a0\u00bb]Une tenue convenable est requise pour acc\u00e9der aux salles de jeux du Casino de la Vall\u00e9e.<\/p>\n<p>Notre Vestiaire est \u00e0 disposition pour d\u00e9poser vos manteaux, trois-quarts, chapeaux, sacs et parapluies.<\/p>\n<p>En plus la Direction des Jeux, le Responsable de la S\u00fbret\u00e9 et le Responsable des Services Guichet et Customer Care peuvent aussi bien vous demander, \u00e0 leur avis et sans appel, de d\u00e9poser vos v\u00eatements ou d\u2019autres objets.<\/p>\n<p>Pour acc\u00e9der au <strong>rez-de-chauss\u00e9e<\/strong> ladite tenue convenable est requise.<\/p>\n<p>L\u2019admission aux tables de jeux au <strong>premier \u00e9tage<\/strong> est interdite aux personnes portant savates, sandales, maillots de corps, shorts (sauf pantacourts et bermudas), joggins.<br \/>\nLes sweat shirts, pulls et gilets doivent \u00eatre port\u00e9s ou d\u00e9pos\u00e9s au Vestiaire.<\/p>\n<p>Le messieurs qui d\u00e9sirent acc\u00e9der au<strong> salon Priv\u00e9 du premier \u00e9tage<\/strong>, outre respecter les r\u00e8gles mentionn\u00e9es ci-dessus, doivent porter le pantalon long.<br \/>\nLes v\u00eatements \u00e9ventuellement abandonn\u00e9s au Vestiaire seront transmis apr\u00e8s six mois \u00e0 une \u0153uvre de bienfaisance.[\/vc_column_text][vc_separator el_width=\u00a0\u00bb50&Prime; css=\u00a0\u00bb.vc_custom_1462642464995{padding-top: 30px !important;padding-bottom: 100px !important;}\u00a0\u00bb]<h2 class=\"calluna-heading calluna-heading-none text-align-left \" ><span>Ludopatia<\/span><\/h2>[vc_column_text css_animation=\u00a0\u00bbbottom-to-top\u00a0\u00bb]Il gioco pu\u00f2 causare dipendenza patologica<br \/>\nIl Casino de la Vall\u00e9e di Saint-Vincent da oltre 60 anni ha come priorit\u00e0 la tutela del cliente sotto ogni aspetto, incluso l\u2019accoglimento delle richieste di inibizione all\u2019ingresso nelle sale da gioco che provengono dai famigliari di giocatori in temporanea difficolt\u00e0.<br \/>\nOggi questa tutela \u00e8 stata inserita in una legge dello Stato che \u00e8 entrata in vigore il 1\u00b0 gennaio 2013.<br \/>\nIn ossequio a tale disposizione la Direzione Aziendale informa che il gioco pu\u00f2 creare dipendenza (ludopat\u00eca).<br \/>\nPer scongiurare danni di natura sociale le U.S.L. di ogni Regione hanno emanato documenti informativi su tali dipendenze indicando anche le vie da seguire per la loro soluzione.<br \/>\nLa Direzione Aziendale \u00e8 a disposizione per fornire informazioni sulla tematica presso il Customer Care e la Segreteria della Direzione Giochi.<br \/>\nLa Direzione<br \/>\nPer maggiori informazioni sulle ludopatie cliccare su questo link della <a href=\"http:\/\/www.ausl.vda.it\/homepage.asp?l=1\">AUSL Valle d\u2019Aosta<\/a>.[\/vc_column_text][vc_separator el_width=\u00a0\u00bb50&Prime; css=\u00a0\u00bb.vc_custom_1462642464995{padding-top: 30px !important;padding-bottom: 100px !important;}\u00a0\u00bb][\/vc_column][\/vc_row]\n","protected":false},"excerpt":{"rendered":"<p>[vc_row full_width=\u00a0\u00bbstretch_row\u00a0\u00bb css=\u00a0\u00bb.vc_custom_1462644674846{padding-top: 35px !important;}\u00a0\u00bb][vc_column][vc_column_text css_animation=\u00a0\u00bbbottom-to-top\u00a0\u00bb]La Casino de la Vall\u00e9e est ouvert \u00e0 partir de 10h , 7 jours \u00e0 la semaine.[\/vc_column_text][vc_separator el_width=\u00a0\u00bb50&Prime; css=\u00a0\u00bb.vc_custom_1462642464995{padding-top: 30px !important;padding-bottom: 100px !important;}\u00a0\u00bb][vc_column_text css_animation=\u00a0\u00bbbottom-to-top\u00a0\u00bb]Contact :\u00a0\u00a0informazioni@svrc.it[\/vc_column_text][vc_separator el_width=\u00a0\u00bb50&Prime; css=\u00a0\u00bb.vc_custom_1462642464995{padding-top: 30px !important;padding-bottom: 100px !important;}\u00a0\u00bb][vc_column_text css_animation=\u00a0\u00bbbottom-to-top\u00a0\u00bb]L\u2019acc\u00e8s au Casino de la Vall\u00e9e de Saint-Vincent est r\u00e9serv\u00e9 \u00e0 toute personne de plus de 18 ans. Une [&hellip;]<\/p>\n","protected":false},"author":1,"featured_media":0,"parent":0,"menu_order":0,"comment_status":"closed","ping_status":"closed","template":"","meta":{"_expiration-date-status":"","_expiration-date":0,"_expiration-date-type":"","_expiration-date-categories":[],"_expiration-date-options":[]},"_links":{"self":[{"href":"https:\/\/www.casinodelavallee.com\/fr\/wp-json\/wp\/v2\/pages\/4643"}],"collection":[{"href":"https:\/\/www.casinodelavallee.com\/fr\/wp-json\/wp\/v2\/pages"}],"about":[{"href":"https:\/\/www.casinodelavallee.com\/fr\/wp-json\/wp\/v2\/types\/page"}],"author":[{"embeddable":true,"href":"https:\/\/www.casinodelavallee.com\/fr\/wp-json\/wp\/v2\/users\/1"}],"replies":[{"embeddable":true,"href":"https:\/\/www.casinodelavallee.com\/fr\/wp-json\/wp\/v2\/comments?post=4643"}],"version-history":[{"count":8,"href":"https:\/\/www.casinodelavallee.com\/fr\/wp-json\/wp\/v2\/pages\/4643\/revisions"}],"predecessor-version":[{"id":9091,"href":"https:\/\/www.casinodelavallee.com\/fr\/wp-json\/wp\/v2\/pages\/4643\/revisions\/9091"}],"wp:attachment":[{"href":"https:\/\/www.casinodelavallee.com\/fr\/wp-json\/wp\/v2\/media?parent=4643"}],"curies":[{"name":"wp","href":"https:\/\/api.w.org\/{rel}","templated":true}]}}